{"id":17,"date":"2023-11-28T14:44:18","date_gmt":"2023-11-28T14:44:18","guid":{"rendered":"http:\/\/helenabellod.com\/?page_id=17"},"modified":"2026-03-05T15:18:03","modified_gmt":"2026-03-05T14:18:03","slug":"blog-psicologia","status":"publish","type":"page","link":"https:\/\/helenabellod.com\/ca\/blog-psicologia\/","title":{"rendered":"blog"},"content":{"rendered":"<div data-elementor-type=\"wp-page\" data-elementor-id=\"17\" class=\"elementor elementor-17\" data-elementor-post-type=\"page\">\n\t\t\t\t<div class=\"elementor-element elementor-element-79db88b e-con-full e-flex elementor-invisible e-con e-parent\" data-id=\"79db88b\" data-element_type=\"container\" data-e-type=\"container\" data-settings=\"{&quot;background_background&quot;:&quot;classic&quot;,&quot;animation&quot;:&quot;fadeIn&quot;}\">\n\t\t\t\t<div class=\"elementor-element elementor-element-1b4f45e elementor-widget elementor-widget-spacer\" data-id=\"1b4f45e\" data-element_type=\"widget\" data-e-type=\"widget\" data-widget_type=\"spacer.default\">\n\t\t\t\t<div class=\"elementor-widget-container\">\n\t\t\t\t\t\t\t<div class=\"elementor-spacer\">\n\t\t\t<div class=\"elementor-spacer-inner\"><\/div>\n\t\t<\/div>\n\t\t\t\t\t\t<\/div>\n\t\t\t\t<\/div>\n\t\t\t\t<\/div>\n\t\t<div class=\"elementor-element elementor-element-ef8773d e-con-full e-flex e-con e-parent\" data-id=\"ef8773d\" data-element_type=\"container\" data-e-type=\"container\" data-settings=\"{&quot;background_background&quot;:&quot;classic&quot;}\">\n\t\t<div class=\"elementor-element elementor-element-4bcb9d7 e-con-full e-flex elementor-invisible e-con e-child\" data-id=\"4bcb9d7\" data-element_type=\"container\" data-e-type=\"container\" data-settings=\"{&quot;animation&quot;:&quot;fadeInLeft&quot;}\">\n\t\t\t\t<div class=\"elementor-element elementor-element-e8d0266 elementor-widget elementor-widget-heading\" data-id=\"e8d0266\" data-element_type=\"widget\" data-e-type=\"widget\" data-widget_type=\"heading.default\">\n\t\t\t\t<div class=\"elementor-widget-container\">\n\t\t\t\t\t<h3 class=\"elementor-heading-title elementor-size-default\">L'aprenentatge terap\u00e8utic ens ajuda a descobrir tots els recursos que tenim i a posar-los al nostre servei per viure de manera m\u00e9s plena, responsable i harmoniosa.<\/h3>\t\t\t\t<\/div>\n\t\t\t\t<\/div>\n\t\t\t\t<div class=\"elementor-element elementor-element-31cdc6a elementor-widget elementor-widget-heading\" data-id=\"31cdc6a\" data-element_type=\"widget\" data-e-type=\"widget\" data-widget_type=\"heading.default\">\n\t\t\t\t<div class=\"elementor-widget-container\">\n\t\t\t\t\t<h4 class=\"elementor-heading-title elementor-size-default\"><a href=\"https:\/\/www.linkedin.com\/in\/helena-bellod-5a800359\/\" target=\"_blank\" rel=\"noopener\">HELENA BELLOD<\/a><\/h4>\t\t\t\t<\/div>\n\t\t\t\t<\/div>\n\t\t\t\t<\/div>\n\t\t<div class=\"elementor-element elementor-element-93b2382 e-con-full e-flex e-con e-child\" data-id=\"93b2382\" data-element_type=\"container\" data-e-type=\"container\">\n\t\t\t\t<div class=\"elementor-element elementor-element-cb39abb elementor-invisible elementor-widget elementor-widget-heading\" data-id=\"cb39abb\" data-element_type=\"widget\" data-e-type=\"widget\" data-settings=\"{&quot;_animation&quot;:&quot;fadeInDown&quot;}\" data-widget_type=\"heading.default\">\n\t\t\t\t<div class=\"elementor-widget-container\">\n\t\t\t\t\t<h2 class=\"elementor-heading-title elementor-size-default\">EL MEU BLOG<\/h2>\t\t\t\t<\/div>\n\t\t\t\t<\/div>\n\t\t\t\t<div class=\"elementor-element elementor-element-fbba42f elementor-invisible elementor-widget elementor-widget-text-editor\" data-id=\"fbba42f\" data-element_type=\"widget\" data-e-type=\"widget\" data-settings=\"{&quot;_animation&quot;:&quot;fadeIn&quot;}\" data-widget_type=\"text-editor.default\">\n\t\t\t\t<div class=\"elementor-widget-container\">\n\t\t\t\t\t\t\t\t\t<p>En aquest apartat del blog trobar\u00e0s articles relacionats amb l'autoconeixement, el creixement personal i recursos terap\u00e8utics. Tamb\u00e9 publico entrevistes i v\u00eddeos d'inter\u00e8s sobre temes d'actualitat relacionats amb l'emoci\u00f3, el cos i el pensament.\u00a0<\/p>\t\t\t\t\t\t\t\t<\/div>\n\t\t\t\t<\/div>\n\t\t\t\t<\/div>\n\t\t\t\t<\/div>\n\t\t<div class=\"elementor-element elementor-element-ac46a63 e-con-full e-flex e-con e-parent\" data-id=\"ac46a63\" data-element_type=\"container\" data-e-type=\"container\" data-settings=\"{&quot;background_background&quot;:&quot;classic&quot;}\">\n\t\t\t\t<div class=\"elementor-element elementor-element-41b7407 elementor-grid-4 elementor-grid-tablet-2 elementor-grid-mobile-1 elementor-posts--thumbnail-top elementor-posts__hover-gradient elementor-invisible elementor-widget elementor-widget-posts\" data-id=\"41b7407\" data-element_type=\"widget\" data-e-type=\"widget\" data-settings=\"{&quot;cards_columns&quot;:&quot;4&quot;,&quot;_animation&quot;:&quot;fadeIn&quot;,&quot;cards_columns_tablet&quot;:&quot;2&quot;,&quot;cards_columns_mobile&quot;:&quot;1&quot;,&quot;cards_row_gap&quot;:{&quot;unit&quot;:&quot;px&quot;,&quot;size&quot;:35,&quot;sizes&quot;:[]},&quot;cards_row_gap_tablet&quot;:{&quot;unit&quot;:&quot;px&quot;,&quot;size&quot;:&quot;&quot;,&quot;sizes&quot;:[]},&quot;cards_row_gap_mobile&quot;:{&quot;unit&quot;:&quot;px&quot;,&quot;size&quot;:&quot;&quot;,&quot;sizes&quot;:[]}}\" data-widget_type=\"posts.cards\">\n\t\t\t\t<div class=\"elementor-widget-container\">\n\t\t\t\t\t\t\t<div class=\"elementor-posts-container elementor-posts elementor-posts--skin-cards elementor-grid\" role=\"list\">\n\t\t\t\t<article class=\"elementor-post elementor-grid-item post-816 post type-post status-publish format-standard has-post-thumbnail hentry category-articulos\" role=\"listitem\">\n\t\t\t<div class=\"elementor-post__card\">\n\t\t\t\t<a class=\"elementor-post__thumbnail__link\" href=\"https:\/\/helenabellod.com\/ca\/se-es-terapeuta-o-se-trabaja-como-terapeuta\/\" tabindex=\"-1\"><div class=\"elementor-post__thumbnail\"><img decoding=\"async\" width=\"300\" height=\"166\" src=\"https:\/\/helenabellod.com\/wp-content\/uploads\/2024\/06\/terapeuta-helena-bellod-300x166.jpg\" class=\"attachment-medium size-medium wp-image-820\" alt=\"terapeuta\" srcset=\"https:\/\/helenabellod.com\/wp-content\/uploads\/2024\/06\/terapeuta-helena-bellod-300x166.jpg 300w, https:\/\/helenabellod.com\/wp-content\/uploads\/2024\/06\/terapeuta-helena-bellod-1024x568.jpg 1024w, https:\/\/helenabellod.com\/wp-content\/uploads\/2024\/06\/terapeuta-helena-bellod-768x426.jpg 768w, https:\/\/helenabellod.com\/wp-content\/uploads\/2024\/06\/terapeuta-helena-bellod-1536x851.jpg 1536w, https:\/\/helenabellod.com\/wp-content\/uploads\/2024\/06\/terapeuta-helena-bellod.jpg 1546w\" sizes=\"(max-width: 300px) 100vw, 300px\" \/><\/div><\/a>\n\t\t\t\t<div class=\"elementor-post__badge\">Articles<\/div>\n\t\t\t\t<div class=\"elementor-post__text\">\n\t\t\t\t<h3 class=\"elementor-post__title\">\n\t\t\t<a href=\"https:\/\/helenabellod.com\/ca\/se-es-terapeuta-o-se-trabaja-como-terapeuta\/\">\n\t\t\t\tS'\u00e9s terapeuta o es treballa com a terapeuta?\t\t\t<\/a>\n\t\t<\/h3>\n\t\t\n\t\t<a class=\"elementor-post__read-more\" href=\"https:\/\/helenabellod.com\/ca\/se-es-terapeuta-o-se-trabaja-como-terapeuta\/\" aria-label=\"Read more about \u00bfSe es terapeuta o se trabaja como terapeuta?\" tabindex=\"-1\">\n\t\t\tLlegir m\u00e9s \u00bb\t\t<\/a>\n\n\t\t\t\t<\/div>\n\t\t\t\t\t<\/div>\n\t\t<\/article>\n\t\t\t\t<article class=\"elementor-post elementor-grid-item post-656 post type-post status-publish format-standard has-post-thumbnail hentry category-videos\" role=\"listitem\">\n\t\t\t<div class=\"elementor-post__card\">\n\t\t\t\t<a class=\"elementor-post__thumbnail__link\" href=\"https:\/\/helenabellod.com\/ca\/formacion-en-terapia-gestalt\/\" tabindex=\"-1\"><div class=\"elementor-post__thumbnail\"><img fetchpriority=\"high\" decoding=\"async\" width=\"300\" height=\"252\" src=\"https:\/\/helenabellod.com\/wp-content\/uploads\/2024\/01\/formacion-en-terapia-gestalt-300x252.jpg\" class=\"attachment-medium size-medium wp-image-704\" alt=\"\" srcset=\"https:\/\/helenabellod.com\/wp-content\/uploads\/2024\/01\/formacion-en-terapia-gestalt-300x252.jpg 300w, https:\/\/helenabellod.com\/wp-content\/uploads\/2024\/01\/formacion-en-terapia-gestalt-1024x859.jpg 1024w, https:\/\/helenabellod.com\/wp-content\/uploads\/2024\/01\/formacion-en-terapia-gestalt-768x644.jpg 768w, https:\/\/helenabellod.com\/wp-content\/uploads\/2024\/01\/formacion-en-terapia-gestalt.jpg 1350w\" sizes=\"(max-width: 300px) 100vw, 300px\" \/><\/div><\/a>\n\t\t\t\t<div class=\"elementor-post__badge\">V\u00eddeos<\/div>\n\t\t\t\t<div class=\"elementor-post__text\">\n\t\t\t\t<h3 class=\"elementor-post__title\">\n\t\t\t<a href=\"https:\/\/helenabellod.com\/ca\/formacion-en-terapia-gestalt\/\">\n\t\t\t\tFORMACI\u00d3 EN TER\u00c0PIA GESTALT\t\t\t<\/a>\n\t\t<\/h3>\n\t\t\n\t\t<a class=\"elementor-post__read-more\" href=\"https:\/\/helenabellod.com\/ca\/formacion-en-terapia-gestalt\/\" aria-label=\"Read more about FORMACI\u00d3N EN TERAPIA GESTALT\" tabindex=\"-1\">\n\t\t\tLlegir m\u00e9s \u00bb\t\t<\/a>\n\n\t\t\t\t<\/div>\n\t\t\t\t\t<\/div>\n\t\t<\/article>\n\t\t\t\t<article class=\"elementor-post elementor-grid-item post-652 post type-post status-publish format-standard has-post-thumbnail hentry category-entrevistas\" role=\"listitem\">\n\t\t\t<div class=\"elementor-post__card\">\n\t\t\t\t<a class=\"elementor-post__thumbnail__link\" href=\"https:\/\/helenabellod.com\/ca\/formacion-en-terapia-gestalt-entrevista-a-helena-bellod\/\" tabindex=\"-1\"><div class=\"elementor-post__thumbnail\"><img decoding=\"async\" width=\"300\" height=\"200\" src=\"https:\/\/helenabellod.com\/wp-content\/uploads\/2024\/01\/articleformacio-300x200.jpeg\" class=\"attachment-medium size-medium wp-image-653\" alt=\"Entrevista a Helena Bellod - Formaci\u00f3n en terapia gestalt\" srcset=\"https:\/\/helenabellod.com\/wp-content\/uploads\/2024\/01\/articleformacio-300x200.jpeg 300w, https:\/\/helenabellod.com\/wp-content\/uploads\/2024\/01\/articleformacio-768x512.jpeg 768w, https:\/\/helenabellod.com\/wp-content\/uploads\/2024\/01\/articleformacio.jpeg 1000w\" sizes=\"(max-width: 300px) 100vw, 300px\" \/><\/div><\/a>\n\t\t\t\t<div class=\"elementor-post__badge\">Entrevistes<\/div>\n\t\t\t\t<div class=\"elementor-post__text\">\n\t\t\t\t<h3 class=\"elementor-post__title\">\n\t\t\t<a href=\"https:\/\/helenabellod.com\/ca\/formacion-en-terapia-gestalt-entrevista-a-helena-bellod\/\">\n\t\t\t\tFORMACI\u00d3 EN TER\u00c0PIA GESTALT. ENTREVISTA A HELENA BELLOD.\t\t\t<\/a>\n\t\t<\/h3>\n\t\t\n\t\t<a class=\"elementor-post__read-more\" href=\"https:\/\/helenabellod.com\/ca\/formacion-en-terapia-gestalt-entrevista-a-helena-bellod\/\" aria-label=\"Read more about FORMACI\u00d3N EN TERAPIA GESTALT. ENTREVISTA A HELENA BELLOD.\" tabindex=\"-1\">\n\t\t\tLlegir m\u00e9s \u00bb\t\t<\/a>\n\n\t\t\t\t<\/div>\n\t\t\t\t\t<\/div>\n\t\t<\/article>\n\t\t\t\t<article class=\"elementor-post elementor-grid-item post-346 post type-post status-publish format-standard has-post-thumbnail hentry category-articulos\" role=\"listitem\">\n\t\t\t<div class=\"elementor-post__card\">\n\t\t\t\t<a class=\"elementor-post__thumbnail__link\" href=\"https:\/\/helenabellod.com\/ca\/mecanismos-de-evitacion-y-ajustes-creativos\/\" tabindex=\"-1\"><div class=\"elementor-post__thumbnail\"><img loading=\"lazy\" decoding=\"async\" width=\"300\" height=\"221\" src=\"https:\/\/helenabellod.com\/wp-content\/uploads\/2023\/12\/Diseno-sin-titulo-29-300x221.jpg\" class=\"attachment-medium size-medium wp-image-347\" alt=\"Portada art\u00edculo - Mecanismos de evitaci\u00f3n y ajustes creativos\" srcset=\"https:\/\/helenabellod.com\/wp-content\/uploads\/2023\/12\/Diseno-sin-titulo-29-300x221.jpg 300w, https:\/\/helenabellod.com\/wp-content\/uploads\/2023\/12\/Diseno-sin-titulo-29-1024x755.jpg 1024w, https:\/\/helenabellod.com\/wp-content\/uploads\/2023\/12\/Diseno-sin-titulo-29-768x566.jpg 768w, https:\/\/helenabellod.com\/wp-content\/uploads\/2023\/12\/Diseno-sin-titulo-29.jpg 1306w\" sizes=\"(max-width: 300px) 100vw, 300px\" \/><\/div><\/a>\n\t\t\t\t<div class=\"elementor-post__badge\">Articles<\/div>\n\t\t\t\t<div class=\"elementor-post__text\">\n\t\t\t\t<h3 class=\"elementor-post__title\">\n\t\t\t<a href=\"https:\/\/helenabellod.com\/ca\/mecanismos-de-evitacion-y-ajustes-creativos\/\">\n\t\t\t\tMECANISMES D'EVITACI\u00d3 I AJUSTOS CREATIUS\t\t\t<\/a>\n\t\t<\/h3>\n\t\t\n\t\t<a class=\"elementor-post__read-more\" href=\"https:\/\/helenabellod.com\/ca\/mecanismos-de-evitacion-y-ajustes-creativos\/\" aria-label=\"Read more about MECANISMOS DE EVITACI\u00d3N Y AJUSTES CREATIVOS\" tabindex=\"-1\">\n\t\t\tLlegir m\u00e9s \u00bb\t\t<\/a>\n\n\t\t\t\t<\/div>\n\t\t\t\t\t<\/div>\n\t\t<\/article>\n\t\t\t\t<article class=\"elementor-post elementor-grid-item post-343 post type-post status-publish format-standard has-post-thumbnail hentry category-articulos\" role=\"listitem\">\n\t\t\t<div class=\"elementor-post__card\">\n\t\t\t\t<a class=\"elementor-post__thumbnail__link\" href=\"https:\/\/helenabellod.com\/ca\/introduccion-basica-al-enfoque-de-la-psicopatologia-gestaltica\/\" tabindex=\"-1\"><div class=\"elementor-post__thumbnail\"><img loading=\"lazy\" decoding=\"async\" width=\"300\" height=\"221\" src=\"https:\/\/helenabellod.com\/wp-content\/uploads\/2023\/12\/Diseno-sin-titulo-28-300x221.jpg\" class=\"attachment-medium size-medium wp-image-344\" alt=\"Fondo paisaje vista superior color - art\u00edculo psicopatolog\u00eda gest\u00e1ltica\" srcset=\"https:\/\/helenabellod.com\/wp-content\/uploads\/2023\/12\/Diseno-sin-titulo-28-300x221.jpg 300w, https:\/\/helenabellod.com\/wp-content\/uploads\/2023\/12\/Diseno-sin-titulo-28-1024x755.jpg 1024w, https:\/\/helenabellod.com\/wp-content\/uploads\/2023\/12\/Diseno-sin-titulo-28-768x566.jpg 768w, https:\/\/helenabellod.com\/wp-content\/uploads\/2023\/12\/Diseno-sin-titulo-28.jpg 1306w\" sizes=\"(max-width: 300px) 100vw, 300px\" \/><\/div><\/a>\n\t\t\t\t<div class=\"elementor-post__badge\">Articles<\/div>\n\t\t\t\t<div class=\"elementor-post__text\">\n\t\t\t\t<h3 class=\"elementor-post__title\">\n\t\t\t<a href=\"https:\/\/helenabellod.com\/ca\/introduccion-basica-al-enfoque-de-la-psicopatologia-gestaltica\/\">\n\t\t\t\tINTRODUCCI\u00d3 B\u00c0SICA A L'ENFOCAMENT DE LA PSICOPATOLOGIA GEST\u00c0LTICA\t\t\t<\/a>\n\t\t<\/h3>\n\t\t\n\t\t<a class=\"elementor-post__read-more\" href=\"https:\/\/helenabellod.com\/ca\/introduccion-basica-al-enfoque-de-la-psicopatologia-gestaltica\/\" aria-label=\"Read more about INTRODUCCI\u00d3N B\u00c1SICA AL ENFOQUE DE LA PSICOPATOLOG\u00cdA GEST\u00c1LTICA.\" tabindex=\"-1\">\n\t\t\tLlegir m\u00e9s \u00bb\t\t<\/a>\n\n\t\t\t\t<\/div>\n\t\t\t\t\t<\/div>\n\t\t<\/article>\n\t\t\t\t<article class=\"elementor-post elementor-grid-item post-340 post type-post status-publish format-standard has-post-thumbnail hentry category-articulos\" role=\"listitem\">\n\t\t\t<div class=\"elementor-post__card\">\n\t\t\t\t<a class=\"elementor-post__thumbnail__link\" href=\"https:\/\/helenabellod.com\/ca\/confinamiento-introyectos-polaridades-y-emociones\/\" tabindex=\"-1\"><div class=\"elementor-post__thumbnail\"><img loading=\"lazy\" decoding=\"async\" width=\"300\" height=\"200\" src=\"https:\/\/helenabellod.com\/wp-content\/uploads\/2023\/12\/original-6-do-more-300x200.jpeg\" class=\"attachment-medium size-medium wp-image-341\" alt=\"Portada blog - Art\u00edculo confinamiento\" srcset=\"https:\/\/helenabellod.com\/wp-content\/uploads\/2023\/12\/original-6-do-more-300x200.jpeg 300w, https:\/\/helenabellod.com\/wp-content\/uploads\/2023\/12\/original-6-do-more-768x512.jpeg 768w, https:\/\/helenabellod.com\/wp-content\/uploads\/2023\/12\/original-6-do-more.jpeg 1000w\" sizes=\"(max-width: 300px) 100vw, 300px\" \/><\/div><\/a>\n\t\t\t\t<div class=\"elementor-post__badge\">Articles<\/div>\n\t\t\t\t<div class=\"elementor-post__text\">\n\t\t\t\t<h3 class=\"elementor-post__title\">\n\t\t\t<a href=\"https:\/\/helenabellod.com\/ca\/confinamiento-introyectos-polaridades-y-emociones\/\">\n\t\t\t\tCONFINAMENT: INTROJECTES, POLARITATS I EMOCIONS\t\t\t<\/a>\n\t\t<\/h3>\n\t\t\n\t\t<a class=\"elementor-post__read-more\" href=\"https:\/\/helenabellod.com\/ca\/confinamiento-introyectos-polaridades-y-emociones\/\" aria-label=\"Read more about CONFINAMIENTO: INTROYECTOS, POLARIDADES Y EMOCIONES\" tabindex=\"-1\">\n\t\t\tLlegir m\u00e9s \u00bb\t\t<\/a>\n\n\t\t\t\t<\/div>\n\t\t\t\t\t<\/div>\n\t\t<\/article>\n\t\t\t\t<article class=\"elementor-post elementor-grid-item post-659 post type-post status-publish format-standard has-post-thumbnail hentry category-videos\" role=\"listitem\">\n\t\t\t<div class=\"elementor-post__card\">\n\t\t\t\t<a class=\"elementor-post__thumbnail__link\" href=\"https:\/\/helenabellod.com\/ca\/confinamiento-y-terapia-gestalt-escuela-gestalt-de-cataluna-girona-formacion-terapia-gestalt\/\" tabindex=\"-1\"><div class=\"elementor-post__thumbnail\"><img loading=\"lazy\" decoding=\"async\" width=\"300\" height=\"252\" src=\"https:\/\/helenabellod.com\/wp-content\/uploads\/2020\/04\/confinamiento-y-terapia-gestalt-300x252.jpg\" class=\"attachment-medium size-medium wp-image-702\" alt=\"\" srcset=\"https:\/\/helenabellod.com\/wp-content\/uploads\/2020\/04\/confinamiento-y-terapia-gestalt-300x252.jpg 300w, https:\/\/helenabellod.com\/wp-content\/uploads\/2020\/04\/confinamiento-y-terapia-gestalt-1024x859.jpg 1024w, https:\/\/helenabellod.com\/wp-content\/uploads\/2020\/04\/confinamiento-y-terapia-gestalt-768x644.jpg 768w, https:\/\/helenabellod.com\/wp-content\/uploads\/2020\/04\/confinamiento-y-terapia-gestalt-1536x1288.jpg 1536w, https:\/\/helenabellod.com\/wp-content\/uploads\/2020\/04\/confinamiento-y-terapia-gestalt-2048x1717.jpg 2048w\" sizes=\"(max-width: 300px) 100vw, 300px\" \/><\/div><\/a>\n\t\t\t\t<div class=\"elementor-post__badge\">V\u00eddeos<\/div>\n\t\t\t\t<div class=\"elementor-post__text\">\n\t\t\t\t<h3 class=\"elementor-post__title\">\n\t\t\t<a href=\"https:\/\/helenabellod.com\/ca\/confinamiento-y-terapia-gestalt-escuela-gestalt-de-cataluna-girona-formacion-terapia-gestalt\/\">\n\t\t\t\tCONFINAMENT I TER\u00c0PIA GESTALT. ESCOLA GESTALT DE CATALUNYA-GIRONA. FORMACI\u00d3 EN TER\u00c0PIA GESTALT.\t\t\t<\/a>\n\t\t<\/h3>\n\t\t\n\t\t<a class=\"elementor-post__read-more\" href=\"https:\/\/helenabellod.com\/ca\/confinamiento-y-terapia-gestalt-escuela-gestalt-de-cataluna-girona-formacion-terapia-gestalt\/\" aria-label=\"Read more about CONFINAMIENTO Y TERAPIA GESTALT. ESCUELA GESTALT DE CATALU\u00d1A-GIRONA. FORMACI\u00d3N TERAPIA GESTALT.\" tabindex=\"-1\">\n\t\t\tLlegir m\u00e9s \u00bb\t\t<\/a>\n\n\t\t\t\t<\/div>\n\t\t\t\t\t<\/div>\n\t\t<\/article>\n\t\t\t\t<article class=\"elementor-post elementor-grid-item post-638 post type-post status-publish format-standard has-post-thumbnail hentry category-entrevistas\" role=\"listitem\">\n\t\t\t<div class=\"elementor-post__card\">\n\t\t\t\t<a class=\"elementor-post__thumbnail__link\" href=\"https:\/\/helenabellod.com\/ca\/confinamiento-y-gestalt-habra-una-parte-de-nosotros-que-no-volvera-a-ser-igual-entrevista-a-helena-bellod-por-magda-castillo\/\" tabindex=\"-1\"><div class=\"elementor-post__thumbnail\"><img loading=\"lazy\" decoding=\"async\" width=\"300\" height=\"200\" src=\"https:\/\/helenabellod.com\/wp-content\/uploads\/2019\/10\/articleconfinament-300x200.jpeg\" class=\"attachment-medium size-medium wp-image-651\" alt=\"Helena Bellod - Entrevista confinamiento y gestalt\" srcset=\"https:\/\/helenabellod.com\/wp-content\/uploads\/2019\/10\/articleconfinament-300x200.jpeg 300w, https:\/\/helenabellod.com\/wp-content\/uploads\/2019\/10\/articleconfinament.jpeg 768w\" sizes=\"(max-width: 300px) 100vw, 300px\" \/><\/div><\/a>\n\t\t\t\t<div class=\"elementor-post__badge\">Entrevistes<\/div>\n\t\t\t\t<div class=\"elementor-post__text\">\n\t\t\t\t<h3 class=\"elementor-post__title\">\n\t\t\t<a href=\"https:\/\/helenabellod.com\/ca\/confinamiento-y-gestalt-habra-una-parte-de-nosotros-que-no-volvera-a-ser-igual-entrevista-a-helena-bellod-por-magda-castillo\/\">\n\t\t\t\tCONFINAMENT I GESTALT: \u00abHI HAUR\u00c0 UNA PART DE NOSALTRES QUE NO TORNAR\u00c0 A SER IGUAL\u00bb. Entrevista a Helena Bellod per Magda Castillo.\t\t\t<\/a>\n\t\t<\/h3>\n\t\t\n\t\t<a class=\"elementor-post__read-more\" href=\"https:\/\/helenabellod.com\/ca\/confinamiento-y-gestalt-habra-una-parte-de-nosotros-que-no-volvera-a-ser-igual-entrevista-a-helena-bellod-por-magda-castillo\/\" aria-label=\"Read more about CONFINAMIENTO Y GESTALT: \u00abHABR\u00c1 UNA PARTE DE NOSOTROS QUE NO VOLVER\u00c1 A SER IGUAL\u00bb. Entrevista a Helena Bellod por Magda Castillo.\" tabindex=\"-1\">\n\t\t\tLlegir m\u00e9s \u00bb\t\t<\/a>\n\n\t\t\t\t<\/div>\n\t\t\t\t\t<\/div>\n\t\t<\/article>\n\t\t\t\t<\/div>\n\t\t\n\t\t\t\t\t\t<\/div>\n\t\t\t\t<\/div>\n\t\t\t\t<\/div>\n\t\t\t\t<\/div>","protected":false},"excerpt":{"rendered":"<p>El aprendizaje terap\u00e9utico nos ayuda a descubrir todos los recursos que tenemos y ponerlos a nuestro servicio para vivir de forma m\u00e1s plena, responsable y<\/p>","protected":false},"author":1,"featured_media":320,"parent":0,"menu_order":0,"comment_status":"closed","ping_status":"closed","template":"","meta":{"footnotes":""},"class_list":["post-17","page","type-page","status-publish","has-post-thumbnail","hentry"],"_links":{"self":[{"href":"https:\/\/helenabellod.com\/ca\/wp-json\/wp\/v2\/pages\/17","targetHints":{"allow":["GET"]}}],"collection":[{"href":"https:\/\/helenabellod.com\/ca\/wp-json\/wp\/v2\/pages"}],"about":[{"href":"https:\/\/helenabellod.com\/ca\/wp-json\/wp\/v2\/types\/page"}],"author":[{"embeddable":true,"href":"https:\/\/helenabellod.com\/ca\/wp-json\/wp\/v2\/users\/1"}],"replies":[{"embeddable":true,"href":"https:\/\/helenabellod.com\/ca\/wp-json\/wp\/v2\/comments?post=17"}],"version-history":[{"count":3,"href":"https:\/\/helenabellod.com\/ca\/wp-json\/wp\/v2\/pages\/17\/revisions"}],"predecessor-version":[{"id":975,"href":"https:\/\/helenabellod.com\/ca\/wp-json\/wp\/v2\/pages\/17\/revisions\/975"}],"wp:featuredmedia":[{"embeddable":true,"href":"https:\/\/helenabellod.com\/ca\/wp-json\/wp\/v2\/media\/320"}],"wp:attachment":[{"href":"https:\/\/helenabellod.com\/ca\/wp-json\/wp\/v2\/media?parent=17"}],"curies":[{"name":"wp","href":"https:\/\/api.w.org\/{rel}","templated":true}]}}