{"id":216,"date":"2023-12-13T09:19:59","date_gmt":"2023-12-13T09:19:59","guid":{"rendered":"http:\/\/helenabellod.com\/?page_id=216"},"modified":"2026-03-06T10:23:51","modified_gmt":"2026-03-06T09:23:51","slug":"terapia-gestalt-como-trabajo","status":"publish","type":"page","link":"https:\/\/helenabellod.com\/ca\/terapia-gestalt-como-trabajo\/","title":{"rendered":"Com treballo"},"content":{"rendered":"\t\t<div data-elementor-type=\"wp-page\" data-elementor-id=\"216\" class=\"elementor elementor-216\" data-elementor-post-type=\"page\">\n\t\t\t\t<div class=\"elementor-element elementor-element-4b95e64 e-con-full e-flex elementor-invisible e-con e-parent\" data-id=\"4b95e64\" data-element_type=\"container\" data-e-type=\"container\" data-settings=\"{&quot;background_background&quot;:&quot;classic&quot;,&quot;animation&quot;:&quot;fadeIn&quot;}\">\n\t\t\t\t<div class=\"elementor-element elementor-element-5976daf elementor-widget elementor-widget-spacer\" data-id=\"5976daf\" data-element_type=\"widget\" data-e-type=\"widget\" data-widget_type=\"spacer.default\">\n\t\t\t\t<div class=\"elementor-widget-container\">\n\t\t\t\t\t\t\t<div class=\"elementor-spacer\">\n\t\t\t<div class=\"elementor-spacer-inner\"><\/div>\n\t\t<\/div>\n\t\t\t\t\t\t<\/div>\n\t\t\t\t<\/div>\n\t\t\t\t<\/div>\n\t\t<div class=\"elementor-element elementor-element-f719740 e-con-full e-flex e-con e-parent\" data-id=\"f719740\" data-element_type=\"container\" data-e-type=\"container\" data-settings=\"{&quot;background_background&quot;:&quot;classic&quot;}\">\n\t\t<div class=\"elementor-element elementor-element-8cae832 e-con-full e-flex elementor-invisible e-con e-child\" data-id=\"8cae832\" data-element_type=\"container\" data-e-type=\"container\" data-settings=\"{&quot;animation&quot;:&quot;fadeInLeft&quot;}\">\n\t\t\t\t<div class=\"elementor-element elementor-element-91757ae elementor-widget elementor-widget-heading\" data-id=\"91757ae\" data-element_type=\"widget\" data-e-type=\"widget\" data-widget_type=\"heading.default\">\n\t\t\t\t<div class=\"elementor-widget-container\">\n\t\t\t\t\t<h3 class=\"elementor-heading-title elementor-size-default\">Creo en el potencial de la persona y en su capacidad de auto-regulaci\u00f3n<\/h3>\t\t\t\t<\/div>\n\t\t\t\t<\/div>\n\t\t\t\t<div class=\"elementor-element elementor-element-7f09606 elementor-widget-tablet__width-initial elementor-widget elementor-widget-heading\" data-id=\"7f09606\" data-element_type=\"widget\" data-e-type=\"widget\" data-widget_type=\"heading.default\">\n\t\t\t\t<div class=\"elementor-widget-container\">\n\t\t\t\t\t<h4 class=\"elementor-heading-title elementor-size-default\">La Terapia Gestalt potencia y apoya la parte humana y los recursos de cada persona.<\/h4>\t\t\t\t<\/div>\n\t\t\t\t<\/div>\n\t\t\t\t<div class=\"elementor-element elementor-element-fbd9610 elementor-align-left elementor-widget__width-initial elementor-mobile-align-left elementor-invisible elementor-widget elementor-widget-button\" data-id=\"fbd9610\" data-element_type=\"widget\" data-e-type=\"widget\" data-settings=\"{&quot;_animation&quot;:&quot;fadeIn&quot;}\" data-widget_type=\"button.default\">\n\t\t\t\t<div class=\"elementor-widget-container\">\n\t\t\t\t\t\t\t\t\t<div class=\"elementor-button-wrapper\">\n\t\t\t\t\t<a class=\"elementor-button elementor-button-link elementor-size-sm elementor-animation-grow\" href=\"https:\/\/helenabellod.com\/wp-content\/uploads\/2026\/02\/Codi-etic-del-COPC.pdf\" target=\"_blank\">\n\t\t\t\t\t\t<span class=\"elementor-button-content-wrapper\">\n\t\t\t\t\t\t\t\t\t<span class=\"elementor-button-text\">C\u00d3DIGO \u00c9TICO<\/span>\n\t\t\t\t\t<\/span>\n\t\t\t\t\t<\/a>\n\t\t\t\t<\/div>\n\t\t\t\t\t\t\t\t<\/div>\n\t\t\t\t<\/div>\n\t\t\t\t<\/div>\n\t\t<div class=\"elementor-element elementor-element-7a991c6 e-con-full e-flex e-con e-child\" data-id=\"7a991c6\" data-element_type=\"container\" data-e-type=\"container\">\n\t\t\t\t<div class=\"elementor-element elementor-element-e8ac126 elementor-invisible elementor-widget elementor-widget-heading\" data-id=\"e8ac126\" data-element_type=\"widget\" data-e-type=\"widget\" data-settings=\"{&quot;_animation&quot;:&quot;fadeInDown&quot;}\" data-widget_type=\"heading.default\">\n\t\t\t\t<div class=\"elementor-widget-container\">\n\t\t\t\t\t<h2 class=\"elementor-heading-title elementor-size-default\">EL ENFOQUE DE LA TERAPIA GESTALT<\/h2>\t\t\t\t<\/div>\n\t\t\t\t<\/div>\n\t\t\t\t<div class=\"elementor-element elementor-element-7c17cc0 elementor-invisible elementor-widget elementor-widget-text-editor\" data-id=\"7c17cc0\" data-element_type=\"widget\" data-e-type=\"widget\" data-settings=\"{&quot;_animation&quot;:&quot;fadeIn&quot;}\" data-widget_type=\"text-editor.default\">\n\t\t\t\t<div class=\"elementor-widget-container\">\n\t\t\t\t\t\t\t\t\t<p>En terapia utilizo todos los conocimientos que me han aportado la carrera de <strong>Psicolog\u00eda Sanitaria y todos los cursos, talleres y formaciones<\/strong> que he realizado. Pero la base con la que me gusta trabajar es la Terapia Gestalt. Soy una apasionada de su forma de enfocar el proceso y de ver a las personas.<\/p><p>La <strong>terapia Gestalt<\/strong> parte de un enfoque revolucionario que consiste en acompa\u00f1ar a las personas para que encuentren la mejor soluci\u00f3n para ellos mismos.<\/p><p>Otro aspecto importante de la Terapia Gestalt es que ve al ser humano hol\u00edsticamente, tiene en cuenta la parte <strong>psicol\u00f3gica, emocional y corporal<\/strong> como un todo inseparable. Cuando alguien sufre una enfermedad o siente sufrimiento, lo siente con todo el cuerpo pero tambi\u00e9n con su mente y sus emociones, es un todo indisociable, haciendo que el todo sea m\u00e1s que la suma de las partes.<\/p><p>De ah\u00ed nace una perspectiva positivista que visualiza a la persona en su totalidad, no poniendo la atenci\u00f3n s\u00f3lo en la enfermedad o la parte que \u00abno funciona\u00bb.\u00a0<\/p>\t\t\t\t\t\t\t\t<\/div>\n\t\t\t\t<\/div>\n\t\t\t\t<\/div>\n\t\t\t\t<\/div>\n\t\t<div class=\"elementor-element elementor-element-2b60954 e-con-full animated-slow e-flex elementor-invisible e-con e-parent\" data-id=\"2b60954\" data-element_type=\"container\" data-e-type=\"container\" data-settings=\"{&quot;background_background&quot;:&quot;classic&quot;,&quot;animation&quot;:&quot;fadeIn&quot;}\">\n\t\t\t\t<div class=\"elementor-element elementor-element-1dd3b16 elementor-widget__width-initial elementor-widget elementor-widget-heading\" data-id=\"1dd3b16\" data-element_type=\"widget\" data-e-type=\"widget\" data-widget_type=\"heading.default\">\n\t\t\t\t<div class=\"elementor-widget-container\">\n\t\t\t\t\t<h4 class=\"elementor-heading-title elementor-size-default\">TRABAJO PARTIENDO DE LA INDIVIDUALIDAD DE CADA UNO Y SUS CIRCUNSTANCIAS\nA TRAV\u00c9S DE DIFERENTES HERRAMIENTAS TERAP\u00c9UTICAS, CON TACTO, CONTACTO Y EMPAT\u00cdA.<\/h4>\t\t\t\t<\/div>\n\t\t\t\t<\/div>\n\t\t\t\t<\/div>\n\t\t<div class=\"elementor-element elementor-element-e5981a6 e-con-full animated-slow e-flex elementor-invisible e-con e-parent\" data-id=\"e5981a6\" data-element_type=\"container\" data-e-type=\"container\" data-settings=\"{&quot;animation&quot;:&quot;fadeIn&quot;}\">\n\t\t<div class=\"elementor-element elementor-element-b1b396d e-con-full e-flex e-con e-child\" data-id=\"b1b396d\" data-element_type=\"container\" data-e-type=\"container\">\n\t\t\t\t<div class=\"elementor-element elementor-element-2f87698 elementor-invisible elementor-widget elementor-widget-heading\" data-id=\"2f87698\" data-element_type=\"widget\" data-e-type=\"widget\" data-settings=\"{&quot;_animation&quot;:&quot;fadeInDown&quot;}\" data-widget_type=\"heading.default\">\n\t\t\t\t<div class=\"elementor-widget-container\">\n\t\t\t\t\t<h2 class=\"elementor-heading-title elementor-size-default\">MI MANERA DE TRABAJAR EN TERAPIA<\/h2>\t\t\t\t<\/div>\n\t\t\t\t<\/div>\n\t\t\t\t<div class=\"elementor-element elementor-element-59cfd06 elementor-widget elementor-widget-text-editor\" data-id=\"59cfd06\" data-element_type=\"widget\" data-e-type=\"widget\" data-widget_type=\"text-editor.default\">\n\t\t\t\t<div class=\"elementor-widget-container\">\n\t\t\t\t\t\t\t\t\t<p>Partiendo de una filosof\u00eda humanista, para m\u00ed es muy importante que la persona pueda sentirse digna en su proceso. Todos los humanos <strong>necesitamos sentirnos vistos, escuchados y comprendidos por otra persona<\/strong>.<\/p><p>A trav\u00e9s del proceso terap\u00e9utico aprendemos a centrar la atenci\u00f3n en el presente, adaptarnos y gestionar las dificultades de la vida.<\/p><ul><li>Adquirimos herramientas para aprender a escucharnos y atendernos con nuestra propia singularidad.<\/li><li>Ponemos atenci\u00f3n y damos espacio a nuestras emociones, pensamientos y sentimientos.<\/li><li>Adquirimos conciencia de c\u00f3mo funcionamos con el fin de alinear lo que hago, lo que siento y lo que pienso y as\u00ed obtener una sensaci\u00f3n de satisfacci\u00f3n.<\/li><\/ul>\t\t\t\t\t\t\t\t<\/div>\n\t\t\t\t<\/div>\n\t\t\t\t<\/div>\n\t\t<div class=\"elementor-element elementor-element-558dd49 e-con-full e-flex e-con e-child\" data-id=\"558dd49\" data-element_type=\"container\" data-e-type=\"container\">\n\t\t\t\t<div class=\"elementor-element elementor-element-97951ea elementor-widget elementor-widget-text-editor\" data-id=\"97951ea\" data-element_type=\"widget\" data-e-type=\"widget\" data-widget_type=\"text-editor.default\">\n\t\t\t\t<div class=\"elementor-widget-container\">\n\t\t\t\t\t\t\t\t\t<p>Durante el proceso terap\u00e9utico trabajamos nuestra capacidad de relacionarnos y aprendemos c\u00f3mo hacerlo de forma sana tanto para nosotros mismos como para los dem\u00e1s. Poniendo conciencia en m\u00ed consigo verte a ti de una forma m\u00e1s limpia, y esto nos ayuda a crear un nosotros del que podemos nutrirnos y sentirnos vistos, apoyados y queridos.<\/p><p>De esta forma, el <strong>aprendizaje terap\u00e9utico<\/strong> nos ayuda a descubrir todos los recursos que tenemos y ponerlos a nuestro servicio para vivir de una forma m\u00e1s plena, responsable y armoniosa.<\/p><h5>Cuando puedo adquirir conciencia de c\u00f3mo funciono y de lo que hago, puedo hacerme responsable de mi vida y eso aporta sensaci\u00f3n de satisfacci\u00f3n y libertad.<\/h5>\t\t\t\t\t\t\t\t<\/div>\n\t\t\t\t<\/div>\n\t\t\t\t<\/div>\n\t\t\t\t<\/div>\n\t\t<div class=\"elementor-element elementor-element-a1f58b7 e-con-full e-flex e-con e-parent\" data-id=\"a1f58b7\" data-element_type=\"container\" data-e-type=\"container\" data-settings=\"{&quot;background_background&quot;:&quot;classic&quot;}\">\n\t\t<div class=\"elementor-element elementor-element-33ff6be e-con-full e-flex e-con e-child\" data-id=\"33ff6be\" data-element_type=\"container\" data-e-type=\"container\">\n\t\t\t\t<div class=\"elementor-element elementor-element-5458f50 elementor-widget elementor-widget-heading\" data-id=\"5458f50\" data-element_type=\"widget\" data-e-type=\"widget\" data-widget_type=\"heading.default\">\n\t\t\t\t<div class=\"elementor-widget-container\">\n\t\t\t\t\t<h3 class=\"elementor-heading-title elementor-size-default\">\u00bfA qui\u00e9n va dirigido?<\/h3>\t\t\t\t<\/div>\n\t\t\t\t<\/div>\n\t\t\t\t<div class=\"elementor-element elementor-element-7e64960 elementor-widget elementor-widget-heading\" data-id=\"7e64960\" data-element_type=\"widget\" data-e-type=\"widget\" data-widget_type=\"heading.default\">\n\t\t\t\t<div class=\"elementor-widget-container\">\n\t\t\t\t\t<h4 class=\"elementor-heading-title elementor-size-default\">A TODO AQU\u00c9L QUE QUIERA UN PROCESO DE AUTOCONOCIMIENTO Y EXPLORACI\u00d3N DE UNO MISMO<\/h4>\t\t\t\t<\/div>\n\t\t\t\t<\/div>\n\t\t\t\t<div class=\"elementor-element elementor-element-af16fbf elementor-widget elementor-widget-text-editor\" data-id=\"af16fbf\" data-element_type=\"widget\" data-e-type=\"widget\" data-widget_type=\"text-editor.default\">\n\t\t\t\t<div class=\"elementor-widget-container\">\n\t\t\t\t\t\t\t\t\t<p>A toda persona que quiera mejorar su calidad de vida.<\/p><p>A toda persona que sienta tristeza, angustia, estr\u00e9s, se sienta perdida y\/o bloqueada, baja autoestima, inseguridad.<\/p><p>A toda persona que sufra fobias, miedos, obsesiones, ataques de p\u00e1nico, insomnio, depresi\u00f3n, anorexia, bulimia, duelos, p\u00e9rdidas&#8230;<\/p><p>A toda persona que tenga problemas relacionales de cualquier tipo (de pareja, de familia, de trabajo&#8230;) todo es m\u00e1s que la suma de las partes.<\/p>\t\t\t\t\t\t\t\t<\/div>\n\t\t\t\t<\/div>\n\t\t\t\t<\/div>\n\t\t<div class=\"elementor-element elementor-element-51f03d5 e-con-full e-flex e-con e-child\" data-id=\"51f03d5\" data-element_type=\"container\" data-e-type=\"container\" data-settings=\"{&quot;background_background&quot;:&quot;classic&quot;,&quot;background_motion_fx_motion_fx_scrolling&quot;:&quot;yes&quot;,&quot;background_motion_fx_translateX_effect&quot;:&quot;yes&quot;,&quot;background_motion_fx_translateX_speed&quot;:{&quot;unit&quot;:&quot;px&quot;,&quot;size&quot;:0.9,&quot;sizes&quot;:[]},&quot;background_motion_fx_translateX_affectedRange&quot;:{&quot;unit&quot;:&quot;%&quot;,&quot;size&quot;:&quot;&quot;,&quot;sizes&quot;:{&quot;start&quot;:0,&quot;end&quot;:100}},&quot;background_motion_fx_devices&quot;:[&quot;desktop&quot;,&quot;tablet&quot;,&quot;mobile&quot;]}\">\n\t\t\t\t<\/div>\n\t\t\t\t<\/div>\n\t\t<div class=\"elementor-element elementor-element-4b0b83b e-con-full e-flex e-con e-parent\" data-id=\"4b0b83b\" data-element_type=\"container\" data-e-type=\"container\" data-settings=\"{&quot;background_background&quot;:&quot;classic&quot;}\">\n\t\t<div class=\"elementor-element elementor-element-7375959 e-con-full e-flex e-con e-child\" data-id=\"7375959\" data-element_type=\"container\" data-e-type=\"container\">\n\t\t<div class=\"elementor-element elementor-element-5f3c84c e-flex e-con-boxed e-con e-child\" data-id=\"5f3c84c\" data-element_type=\"container\" data-e-type=\"container\">\n\t\t\t\t\t<div class=\"e-con-inner\">\n\t\t<div class=\"elementor-element elementor-element-35301bd e-flex e-con-boxed e-con e-child\" data-id=\"35301bd\" data-element_type=\"container\" data-e-type=\"container\">\n\t\t\t\t\t<div class=\"e-con-inner\">\n\t\t\t\t<div class=\"elementor-element elementor-element-e014a88 elementor-widget elementor-widget-heading\" data-id=\"e014a88\" data-element_type=\"widget\" data-e-type=\"widget\" data-widget_type=\"heading.default\">\n\t\t\t\t<div class=\"elementor-widget-container\">\n\t\t\t\t\t<h5 class=\"elementor-heading-title elementor-size-default\">M\u00e1s informaci\u00f3n sobre tipos de terapia y servicios<\/h5>\t\t\t\t<\/div>\n\t\t\t\t<\/div>\n\t\t\t\t\t<\/div>\n\t\t\t\t<\/div>\n\t\t<div class=\"elementor-element elementor-element-27ae9be e-con-full e-flex e-con e-child\" data-id=\"27ae9be\" data-element_type=\"container\" data-e-type=\"container\">\n\t\t\t\t<div class=\"elementor-element elementor-element-1dab5f5 elementor-align-right elementor-widget__width-initial elementor-mobile-align-left elementor-invisible elementor-widget elementor-widget-button\" data-id=\"1dab5f5\" data-element_type=\"widget\" data-e-type=\"widget\" data-settings=\"{&quot;_animation&quot;:&quot;fadeIn&quot;}\" data-widget_type=\"button.default\">\n\t\t\t\t<div class=\"elementor-widget-container\">\n\t\t\t\t\t\t\t\t\t<div class=\"elementor-button-wrapper\">\n\t\t\t\t\t<a class=\"elementor-button elementor-button-link elementor-size-sm elementor-animation-grow\" href=\"\/servicios-de-terapia\">\n\t\t\t\t\t\t<span class=\"elementor-button-content-wrapper\">\n\t\t\t\t\t\t\t\t\t<span class=\"elementor-button-text\">SERVICIOS<\/span>\n\t\t\t\t\t<\/span>\n\t\t\t\t\t<\/a>\n\t\t\t\t<\/div>\n\t\t\t\t\t\t\t\t<\/div>\n\t\t\t\t<\/div>\n\t\t\t\t<\/div>\n\t\t\t\t\t<\/div>\n\t\t\t\t<\/div>\n\t\t\t\t<\/div>\n\t\t\t\t<\/div>\n\t\t\t\t<\/div>\n\t\t","protected":false},"excerpt":{"rendered":"<p>Creo en el potencial de la persona y en su capacidad de auto-regulaci\u00f3n La Terapia Gestalt potencia y apoya la parte humana y los recursos de cada persona. C\u00d3DIGO \u00c9TICO EL ENFOQUE DE LA TERAPIA GESTALT En terapia utilizo todos los conocimientos que me han aportado la carrera de Psicolog\u00eda Sanitaria y todos los cursos, [&hellip;]<\/p>\n","protected":false},"author":1,"featured_media":25,"parent":0,"menu_order":0,"comment_status":"closed","ping_status":"closed","template":"","meta":{"footnotes":""},"class_list":["post-216","page","type-page","status-publish","has-post-thumbnail","hentry"],"_links":{"self":[{"href":"https:\/\/helenabellod.com\/ca\/wp-json\/wp\/v2\/pages\/216","targetHints":{"allow":["GET"]}}],"collection":[{"href":"https:\/\/helenabellod.com\/ca\/wp-json\/wp\/v2\/pages"}],"about":[{"href":"https:\/\/helenabellod.com\/ca\/wp-json\/wp\/v2\/types\/page"}],"author":[{"embeddable":true,"href":"https:\/\/helenabellod.com\/ca\/wp-json\/wp\/v2\/users\/1"}],"replies":[{"embeddable":true,"href":"https:\/\/helenabellod.com\/ca\/wp-json\/wp\/v2\/comments?post=216"}],"version-history":[{"count":9,"href":"https:\/\/helenabellod.com\/ca\/wp-json\/wp\/v2\/pages\/216\/revisions"}],"predecessor-version":[{"id":983,"href":"https:\/\/helenabellod.com\/ca\/wp-json\/wp\/v2\/pages\/216\/revisions\/983"}],"wp:featuredmedia":[{"embeddable":true,"href":"https:\/\/helenabellod.com\/ca\/wp-json\/wp\/v2\/media\/25"}],"wp:attachment":[{"href":"https:\/\/helenabellod.com\/ca\/wp-json\/wp\/v2\/media?parent=216"}],"curies":[{"name":"wp","href":"https:\/\/api.w.org\/{rel}","templated":true}]}}