{"id":3,"date":"2023-11-22T09:53:28","date_gmt":"2023-11-22T09:53:28","guid":{"rendered":"http:\/\/helenabellod.com\/?page_id=3"},"modified":"2024-02-06T13:32:19","modified_gmt":"2024-02-06T13:32:19","slug":"politica-de-privacidad","status":"publish","type":"page","link":"https:\/\/helenabellod.com\/ca\/politica-de-privacidad\/","title":{"rendered":"Pol\u00edtica de privacitat"},"content":{"rendered":"<div data-elementor-type=\"wp-page\" data-elementor-id=\"3\" class=\"elementor elementor-3\" data-elementor-post-type=\"page\">\n\t\t\t\t<div class=\"elementor-element elementor-element-4935c23 e-flex e-con-boxed e-con e-parent\" data-id=\"4935c23\" data-element_type=\"container\" data-e-type=\"container\">\n\t\t\t\t\t<div class=\"e-con-inner\">\n\t\t\t\t<div class=\"elementor-element elementor-element-43df7db elementor-widget elementor-widget-text-editor\" data-id=\"43df7db\" data-element_type=\"widget\" data-e-type=\"widget\" data-widget_type=\"text-editor.default\">\n\t\t\t\t<div class=\"elementor-widget-container\">\n\t\t\t\t\t\t\t\t\t<h4>Informaci\u00f3 sobre la protecci\u00f3 de dades<\/h4><ol><li style=\"list-style-type: none;\"><ol><li><strong>Informaci\u00f3 relativa al responsable del tractament<\/strong><\/li><\/ol><\/li><\/ol><p><b>Responsable del tractament<\/b><\/p><p>\u00a0\u2013 Entitat: HELENA BELLOD BLANES<\/p><p>\u2013 N\u00famero d'identificaci\u00f3 fiscal de l'entitat: 40365093R<\/p><p>\u2013 Adre\u00e7a de l'organitzaci\u00f3: CARRER SANTA EUGENIA 18 \u2013 (17004) GIRONA<\/p><p>\u2013 Correu electr\u00f2nic de l'organitzaci\u00f3: info@helenabellod.com<\/p><p>\u2013 Responsable del tractament: HELENA BELLOD<\/p><p>\u2013 N\u00famero de tel\u00e8fon del responsable del tractament: 972092634<\/p><p>\u2013 Adre\u00e7a de correu electr\u00f2nic del Responsable del Tractament: info@helenabellod.com<\/p><p>\u2013 DPD:<\/p><p>\u2013 N\u00famero de tel\u00e8fon del DPO:<\/p><p>\u2013 Adre\u00e7a de correu electr\u00f2nic del DPO:<\/p><p><strong>Prop\u00f2sits<\/strong><\/p><p>D'acord amb les disposicions del Reglament Europeu 2016\/679 de protecci\u00f3 de dades personals i de la Llei Org\u00e0nica 3\/2018 de protecci\u00f3 de dades personals i garantia dels drets digitals, l'informem que, segons la seva relaci\u00f3 amb nosaltres, a <b>helenabellod.com <\/b>processem les dades que ens proporcioneu per a qualsevol o tots els fins seg\u00fcents:<\/p><ol><li style=\"list-style-type: none;\"><ol><li style=\"list-style-type: none;\"><ul><li>Compra\/venda d'equipament<\/li><li>Assessorament terap\u00e8utic<\/li><li>Enviar informaci\u00f3 comercial de l'organitzaci\u00f3 per correu postal, correu electr\u00f2nic o altres mitjans.<\/li><li>Intercanvi d'informaci\u00f3 a trav\u00e9s de la plataforma WhatsApp, sense que el Responsable del Tractament pugui garantir que aquesta plataforma adopta mesures de seguretat i tracta les dades d'acord amb el RGPD i la LOPDGDD.<\/li><li>Comptabilitat, administraci\u00f3, facturaci\u00f3 i gesti\u00f3 de cobrament.<\/li><li>Gesti\u00f3 de comptabilitat, administraci\u00f3, facturaci\u00f3, cobrament i pagaments<\/li><li>Informaci\u00f3 comercial mitjan\u00e7ant correus electr\u00f2nics de la plataforma MailChimp, sense que el Responsable del Tractament pugui garantir mesures de seguretat adequades i un tractament d'acord amb el propi RGPD de la plataforma.<\/li><li>Obtenci\u00f3, elaboraci\u00f3 i emmagatzematge de l'historial m\u00e8dic del pacient<\/li><li>Proporcionar-los un servei<\/li><li>Programar visites<\/li><li>Publicaci\u00f3 de dades personals en diverses xarxes socials o altres m\u00e8todes de publicaci\u00f3<\/li><li>Recaptaci\u00f3 de pagaments mitjan\u00e7ant terminals de punt de venda<\/li><li>Provisi\u00f3 de tractaments sanitaris<\/li><li>Fer comandes<\/li><li>Receptor de la prestaci\u00f3 d'un servei<\/li><li>Registre progressiu de la feina completada<\/li><li>Processament de dades per a cursos i programes de formaci\u00f3<\/li><li>Tractaments terap\u00e8utics<\/li><\/ul><\/li><\/ol><\/li><\/ol><ol><li style=\"list-style-type: none;\"><ol><li><strong>Per\u00edode de conservaci\u00f3 de dades<\/strong><\/li><\/ol><\/li><\/ol><p>Les seves dades es conservaran durant el per\u00edode especificat en el contracte. Si necessita la seva supressi\u00f3 anticipada, sol\u00b7liciti-ho exercint el seu dret a l'oblit. De la mateixa manera, les dades que s'han de conservar durant un per\u00edode de temps per motius legals per complir amb normatives espec\u00edfiques quedaran bloquejades i nom\u00e9s estaran disponibles per a l'autoritat p\u00fablica competent.<\/p><p><strong>Legitimitat<\/strong><\/p><p>La base jur\u00eddica per al tractament de les teves dades \u00e9s:<\/p><p>Consentiment inequ\u00edvoc<\/p><ul><li style=\"list-style-type: none;\"><ul><li style=\"list-style-type: none;\"><ul><li>Execuci\u00f3 d'un contracte<\/li><li>Consentiment inequ\u00edvoc<\/li><\/ul><\/li><\/ul><\/li><\/ul><p><strong>Destinataris<\/strong><\/p><p>Les seves dades personals es comunicaran a tercers en les circumst\u00e0ncies seg\u00fcents:<\/p><ol><li style=\"list-style-type: none;\"><ol><li style=\"list-style-type: none;\"><ul><li>A altres responsables del tractament de dades<\/li><li>Administraci\u00f3 tribut\u00e0ria<\/li><li>Bancs i institucions financeres<\/li><li>Entitats de consultoria\/auditoria<\/li><li>Organitzacions sanit\u00e0ries<\/li><li>Entitats de manteniment de programari i maquinari inform\u00e0tic<\/li><li>Ag\u00e8ncia administrativa\/Consultoria<\/li><li>Manteniment del sistema i emmagatzematge de dades<\/li><li>Manteniment del programari i de les aplicacions inform\u00e0tiques Prowin ERP i Winconta<\/li><li>Tutors legals de la persona afectada<\/li><\/ul><\/li><\/ol><\/li><\/ol><p><strong>Drets<\/strong><\/p><p>Tens dret a obtenir la confirmaci\u00f3 de si <b>helenabellod.com<\/b>\u00a0Si estem o no tractant dades personals que et concerneixen.<\/p><p>Tamb\u00e9 teniu dret a accedir a les vostres dades personals, aix\u00ed com a sol\u00b7licitar el <em>rectificaci\u00f3<\/em> de dades inexactes o, si s'escau, sol\u00b7licitar-ne la seva <em>supressi\u00f3<\/em> quan, entre altres motius, les dades ja no siguin necess\u00e0ries per a les finalitats per a les quals es van recollir.<\/p><p>En determinades circumst\u00e0ncies, podeu sol\u00b7licitar la <em>restricci\u00f3 del tractament<\/em> de les seves dades, cas en qu\u00e8 nom\u00e9s les conservarem amb la finalitat d'exercir o defensar reclamacions.<\/p><p>A m\u00e9s, en certes circumst\u00e0ncies i per motius relacionats amb la vostra situaci\u00f3 particular, podeu exercir el dret a <em>oposici\u00f3<\/em> al tractament de les seves dades. <b>helenabellod.com<\/b>\u00a0cessar\u00e0 de tractar les dades, llevat de motius leg\u00edtims imperiosos, o per a l'exercici o la defensa de possibles reclamacions.<\/p><p>De la mateixa manera, podeu exercir el vostre dret a <em>portabilitat<\/em> de les teves dades, aix\u00ed com retirar els consentiments atorgats en qualsevol moment, sense que aix\u00f2 afecti la licitud del tractament basada en el consentiment abans de la seva retirada.<\/p><p>Si voleu exercir qualsevol dels vostres drets, podeu fer-ho mitjan\u00e7ant els enlla\u00e7os que es proporcionen a continuaci\u00f3:<\/p><ol><li style=\"list-style-type: none;\"><ol><li style=\"list-style-type: none;\"><ul><li>Per exercir el vostre dret a <strong>Acc\u00e9s<\/strong> Contacta'ns a trav\u00e9s dels mitjans disponibles a <b>helenabellod.com<\/b><\/li><li>Per exercir el vostre dret a <strong>Correcci\u00f3 <\/strong>Contacta'ns a trav\u00e9s dels mitjans disponibles a <b>helenabellod.com<\/b><\/li><li>Per exercir el vostre dret a <strong>Supressi\u00f3 (Dret a l'oblit)<\/strong>\u00a0Contacta'ns a trav\u00e9s dels mitjans disponibles a <b>helenabellod.com<\/b><\/li><li>Per exercir el vostre dret a <strong>Restricci\u00f3 del tractament<\/strong>\u00a0Contacta'ns a trav\u00e9s dels mitjans disponibles a <b>helenabellod.com<\/b><\/li><li>Per exercir el vostre dret a <strong>Oposici\u00f3<\/strong>\u00a0Contacta'ns a trav\u00e9s dels mitjans disponibles a <b>helenabellod.com<\/b><\/li><li>Per exercir el vostre dret a <strong>Portabilitat <\/strong>Contacta'ns a trav\u00e9s dels mitjans disponibles a <b>helenabellod.com<\/b><\/li><\/ul><\/li><\/ol><\/li><\/ol><p>Alternativament, tamb\u00e9 podeu contactar amb nosaltres per correu postal a l'adre\u00e7a seg\u00fcent: <strong>18 CARRER SANTA EUGENIA \u2013 (17004) GIRONA<\/strong> Si us plau, adjunteu una fotoc\u00f2pia del vostre document d'identitat per verificar la vostra identitat. Recordeu proporcionar tanta informaci\u00f3 com sigui possible sobre la vostra sol\u00b7licitud: nom complet i adre\u00e7a de correu electr\u00f2nic utilitzada per al compte o portal que \u00e9s objecte de la vostra sol\u00b7licitud.<\/p><p>Finalment, l'informem que pot contactar amb l'Ag\u00e8ncia Espanyola de Protecci\u00f3 de Dades i altres organismes p\u00fablics competents per a qualsevol reclamaci\u00f3 derivada del tractament de les seves dades personals.<\/p><ol><li style=\"list-style-type: none;\"><ol><li><strong>Pol\u00edtica de cookies<\/strong><\/li><\/ol><\/li><\/ol><p>Per saber m\u00e9s sobre les galetes que fem servir al nostre lloc web, recordeu que podeu accedir a la nostra Pol\u00edtica de galetes mitjan\u00e7ant l'enlla\u00e7 seg\u00fcent. <a href=\"https:\/\/intranet.laboralrgpd.com\/politicaCookies\/index.php?sid=TGF4VEZNb1FnRVM1TkNyaURQanEwZz09\" target=\"_blank\" rel=\"noopener\">Pol\u00edtica de cookies<\/a>.<\/p>\t\t\t\t\t\t\t\t<\/div>\n\t\t\t\t<\/div>\n\t\t\t\t\t<\/div>\n\t\t\t\t<\/div>\n\t\t\t\t<\/div>","protected":false},"excerpt":{"rendered":"<p>Informacion sobre Protecci\u00f3n de Datos Datos relativos al Responsable Responsable Tratamiento \u00a0&#8211; Entidad: HELENA BELLOD BLANES &#8211; NIF de la entidad: 40365093R &#8211; Direccion de la entidad: CARRER SANTA EUGENIA 18 &#8211; (17004) GIRONA &#8211; Email de la entidad: info@helenabellod.com &#8211; Responsable del tratamiento: HELENA BELLOD &#8211; Tel\u00e9fono del Responsable del tratamiento : 972092634 &#8211; [&hellip;]<\/p>\n","protected":false},"author":1,"featured_media":0,"parent":0,"menu_order":0,"comment_status":"closed","ping_status":"closed","template":"","meta":{"footnotes":""},"class_list":["post-3","page","type-page","status-publish","hentry"],"_links":{"self":[{"href":"https:\/\/helenabellod.com\/ca\/wp-json\/wp\/v2\/pages\/3","targetHints":{"allow":["GET"]}}],"collection":[{"href":"https:\/\/helenabellod.com\/ca\/wp-json\/wp\/v2\/pages"}],"about":[{"href":"https:\/\/helenabellod.com\/ca\/wp-json\/wp\/v2\/types\/page"}],"author":[{"embeddable":true,"href":"https:\/\/helenabellod.com\/ca\/wp-json\/wp\/v2\/users\/1"}],"replies":[{"embeddable":true,"href":"https:\/\/helenabellod.com\/ca\/wp-json\/wp\/v2\/comments?post=3"}],"version-history":[{"count":0,"href":"https:\/\/helenabellod.com\/ca\/wp-json\/wp\/v2\/pages\/3\/revisions"}],"wp:attachment":[{"href":"https:\/\/helenabellod.com\/ca\/wp-json\/wp\/v2\/media?parent=3"}],"curies":[{"name":"wp","href":"https:\/\/api.w.org\/{rel}","templated":true}]}}