{"id":755,"date":"2024-02-06T13:26:42","date_gmt":"2024-02-06T13:26:42","guid":{"rendered":"http:\/\/helenabellod.com\/?page_id=755"},"modified":"2024-02-06T13:44:28","modified_gmt":"2024-02-06T13:44:28","slug":"aviso-legal","status":"publish","type":"page","link":"https:\/\/helenabellod.com\/ca\/aviso-legal\/","title":{"rendered":"Av\u00eds legal"},"content":{"rendered":"<div data-elementor-type=\"wp-page\" data-elementor-id=\"755\" class=\"elementor elementor-755\" data-elementor-post-type=\"page\">\n\t\t\t\t<div class=\"elementor-element elementor-element-3f2347b e-flex e-con-boxed e-con e-parent\" data-id=\"3f2347b\" data-element_type=\"container\" data-e-type=\"container\">\n\t\t\t\t\t<div class=\"e-con-inner\">\n\t\t\t\t<div class=\"elementor-element elementor-element-358c715 elementor-widget elementor-widget-text-editor\" data-id=\"358c715\" data-element_type=\"widget\" data-e-type=\"widget\" data-widget_type=\"text-editor.default\">\n\t\t\t\t<div class=\"elementor-widget-container\">\n\t\t\t\t\t\t\t\t\t<h4>AV\u00cdS LEGAL<\/h4><ol><li style=\"list-style-type: none;\"><ol><li><strong>Prop\u00f2sit i acceptaci\u00f3<\/strong><\/li><\/ol><\/li><\/ol><p>Aquest av\u00eds legal regula l'\u00fas del nostre lloc web, que \u00e9s propietat de <b>Helena Bellod<\/b>. Navegant pel lloc web de <b>Helena Bellod<\/b><strong>\u00a0<\/strong>atribueix la condici\u00f3 d'usuari del mateix i implica l'acceptaci\u00f3 plena i sense reserves de cadascuna de les disposicions incloses en aquest Av\u00eds Legal, que poden estar subjectes a canvis. Us comprometeu a fer un \u00fas adequat del lloc web d'acord amb la llei, la bona fe, l'ordre p\u00fablic, l'\u00fas habitual i aquest <strong>Av\u00eds legal<\/strong>. Ser\u00e0s responsable de <b>Helena Bellod<\/b>\u00a0o a tercers, per qualsevol dany que pugui causar-se com a resultat de l'incompliment d'aquesta obligaci\u00f3.<\/p><ol><li style=\"list-style-type: none;\"><ol><li><strong>Identificaci\u00f3 i comunicacions<\/strong><\/li><\/ol><\/li><\/ol><p><b>Helena Bellod<\/b>, D'acord amb la Llei 34\/2002, d'11 de juliol, de serveis de la societat de la informaci\u00f3 i de comer\u00e7 electr\u00f2nic, l'informem que:<\/p><ol><li style=\"list-style-type: none;\"><ol><li style=\"list-style-type: none;\"><ul><li>El seu nom social \u00e9s: <b>Helena Bellod<\/b><\/li><li>El vostre n\u00famero d'identificaci\u00f3 fiscal \u00e9s: <strong>40365093R<\/strong><\/li><li>El seu domicili social est\u00e0 situat a: <strong>18 CARRER SANTA EUGENIA \u2013 (17004) GIRONA<\/strong><\/li><li>Inscripci\u00f3 al registre mercantil:<\/li><\/ul><\/li><\/ol><\/li><\/ol><p>Per contactar amb nosaltres, us proporcionem diversos mitjans de contacte especificats a la <strong>Pol\u00edtica de privacitat<\/strong>.<\/p><p>Totes les notificacions i comunicacions que feu amb <b>Helena Bellod<\/b>\u00a0es consideraran efectius a tots els efectes, sempre que s'efectu\u00efn pels mitjans especificats anteriorment.<\/p><ol><li style=\"list-style-type: none;\"><ol><li><strong>Termes i condicions d'acc\u00e9s i \u00fas<\/strong><\/li><\/ol><\/li><\/ol><p>El lloc web i els seus serveis s\u00f3n d'acc\u00e9s lliure, per\u00f2, <b>Helena Bellod<\/b>\u00a0condiciona l'\u00fas d'alguns dels serveis oferts al seu lloc web a l'emplenament previ del formulari corresponent.<\/p><p>Vost\u00e8 garanteix l'autenticitat i l'exactitud de tota la informaci\u00f3 que proporcioneu a <b>Helena Bellod<\/b>\u00a0i ser\u00e0 l'\u00fanic responsable de qualsevol declaraci\u00f3 falsa o inexacta feta.<\/p><p>Vost\u00e8 accepta expressament fer un \u00fas adequat del contingut i els serveis de \u00a0<b>Helena Bellod<\/b>\u00a0i no utilitzar-los per a, entre altres coses:<\/p><ol><li style=\"list-style-type: none;\"><ol><li style=\"list-style-type: none;\"><ul><li>Difondre contingut que sigui delictiu, violent, pornogr\u00e0fic, racista, xen\u00f2fob, ofensiu, que doni suport al terrorisme o, en general, contrari a la llei o a l'ordre p\u00fablic.<\/li><li>Introduir virus inform\u00e0tics a la xarxa o dur a terme accions que puguin alterar, danyar, interrompre o generar errors o danys en documents electr\u00f2nics, dades o sistemes f\u00edsics i l\u00f2gics pertanyents a <b>Helena Bellod<\/b> o tercers; aix\u00ed com obstaculitzar l'acc\u00e9s d'altres usuaris al lloc web i als seus serveis mitjan\u00e7ant el consum massiu dels recursos inform\u00e0tics a trav\u00e9s dels quals <b>Helena Bellod<\/b>\u00a0presta els seus serveis.<\/li><li>Intentar accedir a les dades d'altres persones o a \u00e0rees restringides dels sistemes inform\u00e0tics <b>Helena Bellod<\/b>\u00a0o tercers i, si s'escau, extreure informaci\u00f3.<\/li><li>Infringir els drets de propietat intel\u00b7lectual o industrial, aix\u00ed com violar la confidencialitat de la informaci\u00f3 pertanyent a <b>Helena Bellod<\/b>\u00a0o tercers.<\/li><li>Fingir ser un altre usuari, administracions p\u00fabliques o un tercer.<\/li><li>Reproduir, copiar, distribuir, posar a disposici\u00f3 o comunicar p\u00fablicament, transformar o modificar el contingut, llevat que tingueu l'autoritzaci\u00f3 del titular dels drets corresponents o estigui perm\u00e8s legalment.<\/li><li>Recollir dades amb finalitats publicit\u00e0ries i enviar publicitat de qualsevol mena i comunicacions per a vendes o altres finalitats comercials sense la vostra sol\u00b7licitud o consentiment previ.<\/li><\/ul><\/li><\/ol><\/li><\/ol><p>Tot el contingut del lloc web, com ara el text, les fotografies, els gr\u00e0fics, les imatges, les icones, la tecnologia, el programari, aix\u00ed com el seu disseny gr\u00e0fic i els codis font, constitueixen una obra la propietat de la qual pertany a <b>Helena Bellod<\/b>, sense que s'entengui que s'han transferit drets d'explotaci\u00f3 sobre aquests m\u00e9s enll\u00e0 del que \u00e9s estrictament necessari per al correcte \u00fas del lloc web.<\/p><p>En resum, en accedir a aquest lloc web, podeu visualitzar-ne els continguts i, si s'escau, fer c\u00f2pies privades autoritzades sempre que els elements reprodu\u00efts no siguin posteriorment transferits a tercers, instal\u00b7lats en servidors connectats a xarxes o explotats de cap manera.<\/p><p>De la mateixa manera, totes les marques registrades, noms comercials o signes distintius de qualsevol mena que apareguin al lloc web s\u00f3n propietat de <b>Helena Bellod<\/b>, sense que s'entengui que l'\u00fas o l'acc\u00e9s a aquests us atorga cap dret sobre ells.<\/p><p>La distribuci\u00f3, modificaci\u00f3, transfer\u00e8ncia o comunicaci\u00f3 p\u00fablica dels continguts i qualsevol altre acte que no hagi estat expressament autoritzat pel titular dels drets d'explotaci\u00f3 est\u00e0 prohibida.<\/p><p>L'establiment d'un hipervincle no implica en cap cas l'exist\u00e8ncia de relacions entre <b>Helena Bellod<\/b> i el propietari del lloc web en qu\u00e8 s'estableix, ni l'acceptaci\u00f3 i aprovaci\u00f3 per part de <b>Helena Bellod<\/b> del seu contingut o dels seus serveis. Aquelles persones que tinguin la intenci\u00f3 d'establir un hiperv\u00edncle han de sol\u00b7licitar pr\u00e8viament l'autoritzaci\u00f3 per escrit a <b>Helena Bellod<\/b>. En qualsevol cas, l'hipervincle nom\u00e9s permetr\u00e0 l'acc\u00e9s a la p\u00e0gina d'inici del nostre lloc web. A m\u00e9s, us heu d'abstenir de fer declaracions o indicacions falses, inexactes o incorrectes sobre <b>Helena Bellod<\/b>, o incloure contingut que sigui il\u00b7legal, contrari a la bona moral i a l'ordre p\u00fablic.<\/p><p><b>Helena Bellod<\/b> no es fa responsable de l'\u00fas que cada usuari faci dels materials posats a disposici\u00f3 en aquest lloc web ni de les accions que es duguin a terme basant-s'hi.<\/p><ol><li style=\"list-style-type: none;\"><ol><li><strong>Exclusi\u00f3 de garanties i responsabilitat<\/strong><p><strong><b>Helena Bellod<\/b><\/strong>\u00a0exclou, en la mesura que ho permeti la llei, qualsevol responsabilitat per danys de qualsevol mena derivats de:<\/p><ul><li>La impossibilitat d'accedir al lloc web o la manca de veracitat, exactitud, exhaustivitat i\/o actualitat del contingut, aix\u00ed com l'exist\u00e8ncia de defectes i errors de qualsevol mena en el contingut transm\u00e8s, dif\u00f3s, emmagatzemat, posat a disposici\u00f3 o al qual s'hagi accedit a trav\u00e9s del lloc web o dels serveis oferts.<\/li><li>La pres\u00e8ncia de virus o altres elements en el contingut que puguin causar alteracions en els sistemes inform\u00e0tics, en els documents electr\u00f2nics o en les dades dels usuaris.<\/li><li>Incompliment de les lleis, de la bona fe, de l'ordre p\u00fablic, de les normes de tr\u00e0nsit i d'aquest av\u00eds legal com a resultat de l'\u00fas incorrecte del lloc web. En particular, i a t\u00edtol d'exemple, <b>Helena Bellod<\/b>\u00a0no \u00e9s responsable de les accions de tercers que infringeixin els drets de propietat intel\u00b7lectual i industrial, els secrets comercials, els drets a l'honor, a la intimitat personal i familiar i a la pr\u00f2pia imatge, aix\u00ed com la normativa sobre compet\u00e8ncia deslleial i publicitat il\u00b7legal.<\/li><\/ul><p>De la mateixa manera, <strong><b>Helena Bellod<\/b><\/strong> declina qualsevol responsabilitat per la informaci\u00f3 trobada fora d'aquest lloc web i que no sigui gestionada directament pel nostre webmaster. La funci\u00f3 dels enlla\u00e7os que apareixen en aquest lloc web \u00e9s exclusivament informar l'usuari de l'exist\u00e8ncia d'altres fonts que puguin ampliar el contingut ofert per aquest lloc web. <strong><b>Helena Bellod<\/b><\/strong> no garanteix ni \u00e9s responsable del funcionament o l'accessibilitat dels llocs enlla\u00e7ats; ni suggereix, convida o recomana visitar-los, i per tant no ser\u00e0 responsable dels resultats obtinguts. <b>Helena Bellod<\/b>\u00a0No es fa responsable de l'establiment d'enlla\u00e7os hipertext per part de tercers.<\/p><\/li><li><strong>Procediment en cas d'activitats il\u00b7legals<\/strong><\/li><\/ol><\/li><\/ol><p>En cas que vost\u00e8 o un tercer consideri que hi ha fets o circumst\u00e0ncies que revelen la il\u00b7licitud de l'\u00fas de qualsevol contingut i\/o de la realitzaci\u00f3 de qualsevol activitat a les p\u00e0gines web incloses o accessibles a trav\u00e9s del lloc web, ha de posar-se en contacte amb <b>Helena Bellod<\/b>\u00a0identificant-se adequadament, especificant les presumptes infraccions i declarant expressament, sota la seva responsabilitat, que la informaci\u00f3 proporcionada en la notificaci\u00f3 \u00e9s exacta.<\/p><p>Per a qualsevol q\u00fcesti\u00f3 legal relativa al lloc web de <b>Helena Bellod<\/b>, S'aplicar\u00e0 la llei espanyola, i seran competents els tribunals i els \u00f2rgans jurisdiccionals m\u00e9s propers a la seu (Espanya).<\/p><ol><li style=\"list-style-type: none;\"><ol><li><strong>Publicacions<\/strong><\/li><\/ol><\/li><\/ol><p>La informaci\u00f3 administrativa proporcionada a trav\u00e9s del lloc web no substitueix la publicaci\u00f3 legal de lleis, reglaments, plans, disposicions generals i actes que han de ser publicats formalment als butlletins oficials de les administracions p\u00fabliques, que s\u00f3n els \u00fanics instruments que n'asseguren l'autenticitat i el contingut. La informaci\u00f3 disponible en aquest lloc web s'ha d'entendre com una guia sense cap validesa jur\u00eddica.<\/p>\t\t\t\t\t\t\t\t<\/div>\n\t\t\t\t<\/div>\n\t\t\t\t\t<\/div>\n\t\t\t\t<\/div>\n\t\t\t\t<\/div>","protected":false},"excerpt":{"rendered":"<p>AVISO LEGAL Objeto y aceptaci\u00f3n El presente aviso legal regula el uso de nuestro sitio web, del que es titular Helena Bellod. La navegaci\u00f3n por el sitio web de Helena Bellod\u00a0atribuye la condici\u00f3n de usuario del mismo e implica la aceptaci\u00f3n plena y sin reservas de todas y cada una de las disposiciones incluidas en [&hellip;]<\/p>\n","protected":false},"author":1,"featured_media":0,"parent":0,"menu_order":0,"comment_status":"closed","ping_status":"closed","template":"","meta":{"footnotes":""},"class_list":["post-755","page","type-page","status-publish","hentry"],"_links":{"self":[{"href":"https:\/\/helenabellod.com\/ca\/wp-json\/wp\/v2\/pages\/755","targetHints":{"allow":["GET"]}}],"collection":[{"href":"https:\/\/helenabellod.com\/ca\/wp-json\/wp\/v2\/pages"}],"about":[{"href":"https:\/\/helenabellod.com\/ca\/wp-json\/wp\/v2\/types\/page"}],"author":[{"embeddable":true,"href":"https:\/\/helenabellod.com\/ca\/wp-json\/wp\/v2\/users\/1"}],"replies":[{"embeddable":true,"href":"https:\/\/helenabellod.com\/ca\/wp-json\/wp\/v2\/comments?post=755"}],"version-history":[{"count":0,"href":"https:\/\/helenabellod.com\/ca\/wp-json\/wp\/v2\/pages\/755\/revisions"}],"wp:attachment":[{"href":"https:\/\/helenabellod.com\/ca\/wp-json\/wp\/v2\/media?parent=755"}],"curies":[{"name":"wp","href":"https:\/\/api.w.org\/{rel}","templated":true}]}}