{"id":767,"date":"2024-02-06T13:34:55","date_gmt":"2024-02-06T13:34:55","guid":{"rendered":"http:\/\/helenabellod.com\/?page_id=767"},"modified":"2026-03-06T13:22:18","modified_gmt":"2026-03-06T12:22:18","slug":"politica-de-cookies","status":"publish","type":"page","link":"https:\/\/helenabellod.com\/ca\/politica-de-cookies\/","title":{"rendered":"Pol\u00edtica de cookies"},"content":{"rendered":"<div data-elementor-type=\"wp-page\" data-elementor-id=\"767\" class=\"elementor elementor-767\" data-elementor-post-type=\"page\">\n\t\t\t\t<div class=\"elementor-element elementor-element-84707ca e-flex e-con-boxed e-con e-parent\" data-id=\"84707ca\" data-element_type=\"container\" data-e-type=\"container\">\n\t\t\t\t\t<div class=\"e-con-inner\">\n\t\t\t\t<div class=\"elementor-element elementor-element-ea60da2 elementor-widget elementor-widget-text-editor\" data-id=\"ea60da2\" data-element_type=\"widget\" data-e-type=\"widget\" data-widget_type=\"text-editor.default\">\n\t\t\t\t<div class=\"elementor-widget-container\">\n\t\t\t\t\t\t\t\t\t<h4>Informaci\u00f3 general sobre les galetes<\/h4><p>La confian\u00e7a de l'usuari \u00e9s important per a nosaltres, i, per tant, a <strong>helenabellod.com<\/strong>\u00a0estem compromesos a protegir la vostra privadesa. Una part important d'aix\u00f2 \u00e9s proporcionar-vos tanta informaci\u00f3 com sigui possible sobre com fem servir les vostres dades personals, incloent-hi com fem servir l'emmagatzematge local de dades i tecnologies similars.<\/p><p>L'emmagatzematge local de dades implica emmagatzemar diferents tipus de dades localment al vostre dispositiu a trav\u00e9s del navegador web. Les dades emmagatzemades localment poden, per exemple, contenir la configuraci\u00f3 de l'usuari, informaci\u00f3 sobre com navegueu pel nostre lloc web, quin navegador web utilitzeu, quins anuncis s'han mostrat i un comportament similar en llocs web amb els quals col\u00b7laborem. Les dades emmagatzemades localment es poden utilitzar per personalitzar el contingut i les funcions dels nostres serveis perqu\u00e8 les vostres visites siguin m\u00e9s c\u00f2modes i significatives.<\/p><p>Un m\u00e8tode d'emmagatzematge de dades local \u00e9s les galetes. Les galetes s\u00f3n petits fitxers de text que s'emmagatzemen al vostre dispositiu (ordinador, tel\u00e8fon m\u00f2bil o tauleta) i que ens permeten recon\u00e8ixer el vostre navegador web. Les galetes contenen principalment informaci\u00f3 sobre el vostre navegador web i qualsevol activitat que s'hi hagi produ\u00eft. Ens ajuden a garantir la seguretat i el funcionament \u00f2ptim del nostre lloc web. Un cop deixeu el nostre lloc web, s'eliminen (cookies de seguretat i cookies de sessi\u00f3) i recullen informaci\u00f3 sobre els productes que interessen als nostres visitants d'internet i com naveguen pel nostre lloc web perqu\u00e8 les nostres ofertes en l\u00ednia siguin m\u00e9s atractives per als usuaris (cookies de seguiment).<\/p><p>HELENA BELLOD utilitza les galetes seg\u00fcents al lloc web:<\/p>\t\t\t\t\t\t\t\t<\/div>\n\t\t\t\t<\/div>\n\t\t\t\t<div class=\"elementor-element elementor-element-e32c8a5 elementor-widget elementor-widget-shortcode\" data-id=\"e32c8a5\" data-element_type=\"widget\" data-e-type=\"widget\" data-widget_type=\"shortcode.default\">\n\t\t\t\t<div class=\"elementor-widget-container\">\n\t\t\t\t\t\t\t<div class=\"elementor-shortcode\"><div class= \"cky-audit-table-element\"><\/div><\/div>\n\t\t\t\t\t\t<\/div>\n\t\t\t\t<\/div>\n\t\t\t\t<div class=\"elementor-element elementor-element-ba31265 elementor-widget elementor-widget-text-editor\" data-id=\"ba31265\" data-element_type=\"widget\" data-e-type=\"widget\" data-widget_type=\"text-editor.default\">\n\t\t\t\t<div class=\"elementor-widget-container\">\n\t\t\t\t\t\t\t\t\t<h4>Informaci\u00f3 addicional sobre les galetes<\/h4><p>Utilitzem l'emmagatzematge de dades local per a diversos prop\u00f2sits, com ara: permetre'ns dur a terme els nostres serveis; oferir-vos contingut rellevant i personalitzat quan visiteu els nostres llocs web; mesurar i analitzar el tr\u00e0nsit al nostre lloc web; millorar els nostres serveis; i orientar publicitat espec\u00edfica. A continuaci\u00f3 es proporcionen m\u00e9s detalls sobre aquests temes:<\/p><ul><li style=\"list-style-type: none;\"><ul><li>Per a la nostra publicitat<\/li><\/ul><\/li><\/ul><p>Utilitzem l'emmagatzematge local de dades en relaci\u00f3 amb les activitats publicit\u00e0ries. Aix\u00f2 ens permet saber si l'usuari ha vist un anunci o un determinat tipus d'anunci i amb quina freq\u00fc\u00e8ncia, i fa quant de temps que el va veure.<\/p><p>Tamb\u00e9 fem servir l'emmagatzematge local de dades per crear segments i grups objectiu amb finalitats de m\u00e0rqueting i per oferir anuncis dirigits.<\/p><ul><li style=\"list-style-type: none;\"><ul><li>Analitzar i millorar els nostres serveis<\/li><\/ul><\/li><\/ul><p>Utilitzem diverses eines de mesura que ens proporcionen estad\u00edstiques i an\u00e0lisis relacionades amb els nostres serveis. Aquestes eines ens permeten recon\u00e8ixer el navegador web al llarg del temps i saber si l'usuari ha visitat el lloc web abans i, si \u00e9s aix\u00ed, amb quina freq\u00fc\u00e8ncia. Aquestes eines ens donen una visi\u00f3 general de quants usuaris \u00fanics tenim i de com utilitzen els nostres serveis.<\/p><p>Tamb\u00e9 fem servir la informaci\u00f3 que hem recollit i analitzat per desenvolupar i millorar els nostres serveis; per exemple, descobrint quins serveis generen molt de tr\u00e0nsit o comprovant si un servei funciona de manera \u00f2ptima.<\/p><ul><li style=\"list-style-type: none;\"><ul><li>Per oferir i adaptar els serveis al vostre \u00fas<\/li><\/ul><\/li><\/ul><p>L'emmagatzematge local de dades \u00e9s necessari i imprescindible per permetre-us utilitzar els nostres serveis, com ara la informaci\u00f3 sobre la vostra configuraci\u00f3, que ens indica com s'han de presentar els serveis al vostre navegador web.<\/p><p>Tamb\u00e9 fem servir l'emmagatzematge de dades local per adaptar els nostres serveis al vostre \u00fas de la millor manera possible.<\/p><h4>Gesti\u00f3 de galetes<\/h4><p>Podeu desactivar les galetes o configurar el vostre navegador perqu\u00e8 us notifiqui quan s'envia una galeta.<\/p><p>La configuraci\u00f3 del navegador web normalment mostra una llista de totes les galetes que s'han emmagatzemat per oferir-li una visi\u00f3 general i, si ho desitja, per eliminar les galetes no desitjades. Normalment podeu indicar que accepteu l'emmagatzematge de galetes dels llocs web que visiteu o de tercers afiliats a aquests llocs web. Tamb\u00e9 podeu triar que se us notifiqui cada vegada que s'emmagatzemi una galeta nova. A continuaci\u00f3 es proporciona orientaci\u00f3 sobre com fer-ho en diferents navegadors web. El vostre navegador web normalment emmagatzema les galetes en una carpeta espec\u00edfica del disc dur, de manera que tamb\u00e9 podeu examinar-ne el contingut amb m\u00e9s detall.<\/p><p>Tanmateix, les galetes presents al lloc web canvien amb freq\u00fc\u00e8ncia, i no totes les galetes s\u00f3n igualment importants. Per tant, si <strong>helenabellod.com<\/strong>\u00a0Si l'\u00fas de les galetes de seguiment canvia, se us notificar\u00e0 amb un missatge.<\/p><p>Tamb\u00e9 s'han desenvolupat serveis espec\u00edficament per proporcionar als usuaris una llista actualitzada de galetes i altres mecanismes de seguiment.<\/p><p>Tingueu en compte que si les desactiveu, \u00e9s possible que no pugueu gaudir de totes les funcions del nostre lloc web.<\/p><p>A continuaci\u00f3 es mostra un resum de com es poden gestionar les dades emmagatzemades localment en diferents navegadors web. Tingueu en compte que aquest proc\u00e9s pot canviar i que les descripcions que s'hi ofereixen poden no estar actualitzades.<\/p><h5>Gesti\u00f3 de galetes a Google Chrome<\/h5><ul><li>Com esborrar les galetes:<ol><li>Ves a Configuraci\u00f3 al men\u00fa del teu navegador.<\/li><li>Feu clic a Mostra la configuraci\u00f3 avan\u00e7ada.<\/li><li>Feu clic a Suprimeix les dades de navegaci\u00f3.<\/li><li>Seleccioneu el per\u00edode de temps del qual voleu suprimir informaci\u00f3 al men\u00fa superior. Si voleu suprimir totes les galetes del vostre navegador, feu clic a Des del principi dels temps.<\/li><li>Galetes i altres dades del lloc i dels complements.<\/li><li>Feu clic a Esborra les dades de navegaci\u00f3.<\/li><li>Tanca la finestra.<\/li><\/ol><\/li><li>Com evitar que les galetes s'emmagatzemin al vostre navegador web:<ol><li>Ves a Configuraci\u00f3 al men\u00fa del teu navegador.<\/li><li>Feu clic a Mostra la configuraci\u00f3 avan\u00e7ada, despr\u00e9s feu clic a Configuraci\u00f3 de contingut.<\/li><li>A Cookies, seleccioneu l'opci\u00f3 preferida. Si voleu evitar que s'emmagatzemin totes les galetes, feu clic a No permetre que els llocs desin dades.<\/li><li>Feu clic a Fet.<\/li><li>Tanca la finestra.<\/li><\/ol><\/li><\/ul><h5>Gesti\u00f3 de galetes a Safari<\/h5><ul><li>Com esborrar les galetes:<ol><li>Ves a Prefer\u00e8ncies al men\u00fa del teu navegador.<\/li><li>Feu clic a la pestanya Privadesa.<\/li><li>Feu clic a Esborra totes les dades del lloc web, despr\u00e9s feu clic a Esborra per eliminar totes les galetes.<\/li><li>Tanca la finestra.<\/li><\/ol><\/li><li>Com evitar que les galetes s'emmagatzemin al vostre navegador web:<ol><li>Ves a Prefer\u00e8ncies al men\u00fa del teu navegador.<\/li><li>Feu clic a la pestanya Privadesa.<\/li><li>A sota de Cookies i dades del lloc web, seleccioneu l'opci\u00f3 preferida. Si voleu evitar que s'emmagatzemin totes les galetes, feu clic a Bloqueja sempre.<\/li><li>Tanca la finestra.<\/li><\/ol><\/li><\/ul><h5>Gesti\u00f3 de galetes a Mozilla Firefox<\/h5><ul><li>Com esborrar les galetes:<ol><li>Ves a Opcions al men\u00fa del teu navegador.<\/li><li>Feu clic a la pestanya Privadesa.<\/li><li>Feu clic a Mostra les galetes.<\/li><li>Seleccioneu les galetes que voleu eliminar i feu clic a Elimina les seleccionades. Feu clic a Elimina-ho tot si voleu eliminar totes les galetes del vostre navegador web.<\/li><li>Tanca la finestra. Qualsevol canvi que hagis fet es desar\u00e0 autom\u00e0ticament.<\/li><\/ol><\/li><li>Com evitar que les galetes s'emmagatzemin al vostre navegador web:<ol><li>Ves a Configuraci\u00f3 al men\u00fa del teu navegador.<\/li><li>Seleccioneu la pestanya Privadesa.<\/li><li>A Historial, feu clic a Utilitzar configuraci\u00f3 personalitzada per a l'historial.<\/li><li>Seleccioneu les opcions preferides a Sota permetre galetes de llocs web. Si voleu evitar que s'emmagatzemin totes les galetes, desmarqueu la casella Acceptar galetes de llocs web.<\/li><li>Tanca la finestra. Qualsevol canvi que hagis fet es desar\u00e0 autom\u00e0ticament.<\/li><\/ol><\/li><\/ul><h5>Gesti\u00f3 de galetes a Internet Explorer<\/h5><ul><li>Com esborrar les galetes:<ol><li>Ves a Eines (icona d'engranatge) al men\u00fa del teu navegador.<\/li><li>Feu clic a Propietats d'Internet.<\/li><li>A la pestanya Historial de navegaci\u00f3 general, feu clic a Elimina.<\/li><li>Assegura't de marcar l'opci\u00f3 Cookies i dades del lloc web.<\/li><li>Feu clic a Suprimeix.<\/li><li>Feu clic a D'acord.<\/li><\/ol><\/li><li>Com evitar que les galetes s'emmagatzemin al vostre navegador web:<ol><li>Ves a Eines (icona d'engranatge) al men\u00fa del teu navegador.<\/li><li>Feu clic a Opcions d'Internet, despr\u00e9s feu clic a la pestanya Privadesa.<\/li><li>Mou el control lliscant al nivell desitjat. Si vols evitar que s'emmagatzemin totes les galetes, selecciona el nivell Bloqueja totes les galetes.<\/li><li>Feu clic a D'acord.<\/li><\/ol><\/li><\/ul><h5>Gesti\u00f3 de galetes a l'Opera<\/h5><ul><li>Com esborrar les galetes:<ol><li>Ves a Configuraci\u00f3 al men\u00fa del teu navegador.<\/li><li>Seleccioneu la pestanya Privacitat i seguretat.<\/li><li>Feu clic a Cookies, i despr\u00e9s a Dades de totes les galetes i del lloc web.<\/li><li>Seleccioneu les galetes que voleu suprimir i feu clic a Suprimeix. Feu clic a Suprimeix-ho tot si voleu suprimir totes les galetes del vostre navegador web.<\/li><li>Feu clic a Fet.<\/li><li>Tanca la finestra.<\/li><\/ol><\/li><li>Com evitar que les galetes s'emmagatzemin al vostre navegador web:<ol><li style=\"list-style-type: none;\"><ol><li>Ves a Configuraci\u00f3 al men\u00fa del teu navegador.<\/li><li>Seleccioneu la pestanya Privacitat i seguretat.<\/li><\/ol><\/li><\/ol><p>A Cookies, seleccioneu l'opci\u00f3 preferida. Si voleu evitar que s'emmagatzemin totes les galetes, feu clic a No permetre que els llocs desin dades.<\/p><ol><li>Tanca la finestra.<\/li><\/ol><\/li><\/ul><h5>Dades de contacte<\/h5><p>Per a m\u00e9s transpar\u00e8ncia, si teniu cap pregunta sobre l'\u00fas de l'emmagatzematge local al nostre lloc web, poseu-vos en contacte amb nosaltres a <strong>info@helenabellod.com<\/strong>, indicant \u00abPol\u00edtica de galetes\u201d a l'assumpte.\u201d<\/p>\t\t\t\t\t\t\t\t<\/div>\n\t\t\t\t<\/div>\n\t\t\t\t\t<\/div>\n\t\t\t\t<\/div>\n\t\t\t\t<\/div>","protected":false},"excerpt":{"rendered":"<p>Informaci\u00f3n General de las cookies La confianza del usuario es importante para nosotros, y por consiguiente, en helenabellod.com\u00a0nos preocupa proteger su privacidad. Un aspecto importante de esto es proporcionarle toda la informaci\u00f3n posible sobre c\u00f3mo utilizamos tus datos de car\u00e1cter personal, incluso c\u00f3mo utilizamos el almacenamiento local de datos y tecnolog\u00eda similar El almacenamiento local [&hellip;]<\/p>\n","protected":false},"author":1,"featured_media":0,"parent":0,"menu_order":0,"comment_status":"closed","ping_status":"closed","template":"","meta":{"footnotes":""},"class_list":["post-767","page","type-page","status-publish","hentry"],"_links":{"self":[{"href":"https:\/\/helenabellod.com\/ca\/wp-json\/wp\/v2\/pages\/767","targetHints":{"allow":["GET"]}}],"collection":[{"href":"https:\/\/helenabellod.com\/ca\/wp-json\/wp\/v2\/pages"}],"about":[{"href":"https:\/\/helenabellod.com\/ca\/wp-json\/wp\/v2\/types\/page"}],"author":[{"embeddable":true,"href":"https:\/\/helenabellod.com\/ca\/wp-json\/wp\/v2\/users\/1"}],"replies":[{"embeddable":true,"href":"https:\/\/helenabellod.com\/ca\/wp-json\/wp\/v2\/comments?post=767"}],"version-history":[{"count":3,"href":"https:\/\/helenabellod.com\/ca\/wp-json\/wp\/v2\/pages\/767\/revisions"}],"predecessor-version":[{"id":999,"href":"https:\/\/helenabellod.com\/ca\/wp-json\/wp\/v2\/pages\/767\/revisions\/999"}],"wp:attachment":[{"href":"https:\/\/helenabellod.com\/ca\/wp-json\/wp\/v2\/media?parent=767"}],"curies":[{"name":"wp","href":"https:\/\/api.w.org\/{rel}","templated":true}]}}